{"id":10743,"date":"2025-02-28T17:47:32","date_gmt":"2025-02-28T16:47:32","guid":{"rendered":"https:\/\/immocap.sk\/?page_id=10743"},"modified":"2025-02-28T17:47:33","modified_gmt":"2025-02-28T16:47:33","slug":"policy-on-the-use-of-cookies-on-immocap-sk","status":"publish","type":"page","link":"https:\/\/immocap.sk\/en\/policy-on-the-use-of-cookies-on-immocap-sk\/","title":{"rendered":"Policy on the use of cookies on immocap.sk"},"content":{"rendered":"","protected":false},"excerpt":{"rendered":"","protected":false},"author":1,"featured_media":0,"parent":0,"menu_order":0,"comment_status":"closed","ping_status":"closed","template":"page-zasady-cookies-en.php","meta":{"_acf_changed":false,"inline_featured_image":false,"footnotes":""},"class_list":["post-10743","page","type-page","status-publish","hentry"],"acf":[],"yoast_head":"<!-- This site is optimized with the Yoast SEO plugin v27.4 - https:\/\/yoast.com\/product\/yoast-seo-wordpress\/ -->\n<title>Policy on the use of cookies on immocap.sk - IMMOCAP | Odkr\u00fdvame potenci\u00e1l mesta<\/title>\n<meta name=\"description\" content=\"Sme slovensk\u00fd developer. U\u017e viac ako 30 rokov vytv\u00e1rame priestor na pr\u00e1cu, b\u00fdvanie aj tr\u00e1venie vo\u013en\u00e9ho \u010dasu, a tak zvy\u0161ujeme kvalitu \u017eivota v meste. Spoznajte n\u00e1s lep\u0161ie v\u010faka n\u00e1\u0161mu Immocap co.re pr\u00edstupu.\" \/>\n<meta name=\"robots\" content=\"index, follow, max-snippet:-1, max-image-preview:large, max-video-preview:-1\" \/>\n<link rel=\"canonical\" href=\"https:\/\/immocap.sk\/en\/policy-on-the-use-of-cookies-on-immocap-sk\/\" \/>\n<meta property=\"og:locale\" content=\"en_US\" \/>\n<meta property=\"og:type\" content=\"article\" \/>\n<meta property=\"og:title\" content=\"Policy on the use of cookies on immocap.sk - IMMOCAP | Odkr\u00fdvame potenci\u00e1l mesta\" \/>\n<meta property=\"og:description\" content=\"Sme slovensk\u00fd developer. U\u017e viac ako 30 rokov vytv\u00e1rame priestor na pr\u00e1cu, b\u00fdvanie aj tr\u00e1venie vo\u013en\u00e9ho \u010dasu, a tak zvy\u0161ujeme kvalitu \u017eivota v meste. Spoznajte n\u00e1s lep\u0161ie v\u010faka n\u00e1\u0161mu Immocap co.re pr\u00edstupu.\" \/>\n<meta property=\"og:url\" content=\"https:\/\/immocap.sk\/en\/policy-on-the-use-of-cookies-on-immocap-sk\/\" \/>\n<meta property=\"og:site_name\" content=\"IMMOCAP | Odkr\u00fdvame potenci\u00e1l mesta\" \/>\n<meta property=\"article:modified_time\" content=\"2025-02-28T16:47:33+00:00\" \/>\n<meta property=\"og:image\" content=\"https:\/\/immocap.sk\/wp-content\/uploads\/2024\/12\/IMMOCAP_Webstranka_Thumbnail-scaled.jpg\" \/>\n\t<meta property=\"og:image:width\" content=\"2560\" \/>\n\t<meta property=\"og:image:height\" content=\"1440\" \/>\n\t<meta property=\"og:image:type\" content=\"image\/jpeg\" \/>\n<meta name=\"twitter:card\" content=\"summary_large_image\" \/>\n<script type=\"application\/ld+json\" class=\"yoast-schema-graph\">{\"@context\":\"https:\\\/\\\/schema.org\",\"@graph\":[{\"@type\":\"WebPage\",\"@id\":\"https:\\\/\\\/immocap.sk\\\/en\\\/policy-on-the-use-of-cookies-on-immocap-sk\\\/\",\"url\":\"https:\\\/\\\/immocap.sk\\\/en\\\/policy-on-the-use-of-cookies-on-immocap-sk\\\/\",\"name\":\"Policy on the use of cookies on immocap.sk - IMMOCAP | Odkr\u00fdvame potenci\u00e1l mesta\",\"isPartOf\":{\"@id\":\"https:\\\/\\\/immocap.sk\\\/#website\"},\"datePublished\":\"2025-02-28T16:47:32+00:00\",\"dateModified\":\"2025-02-28T16:47:33+00:00\",\"description\":\"Sme slovensk\u00fd developer. U\u017e viac ako 30 rokov vytv\u00e1rame priestor na pr\u00e1cu, b\u00fdvanie aj tr\u00e1venie vo\u013en\u00e9ho \u010dasu, a tak zvy\u0161ujeme kvalitu \u017eivota v meste. Spoznajte n\u00e1s lep\u0161ie v\u010faka n\u00e1\u0161mu Immocap co.re pr\u00edstupu.\",\"breadcrumb\":{\"@id\":\"https:\\\/\\\/immocap.sk\\\/en\\\/policy-on-the-use-of-cookies-on-immocap-sk\\\/#breadcrumb\"},\"inLanguage\":\"en-US\",\"potentialAction\":[{\"@type\":\"ReadAction\",\"target\":[\"https:\\\/\\\/immocap.sk\\\/en\\\/policy-on-the-use-of-cookies-on-immocap-sk\\\/\"]}]},{\"@type\":\"BreadcrumbList\",\"@id\":\"https:\\\/\\\/immocap.sk\\\/en\\\/policy-on-the-use-of-cookies-on-immocap-sk\\\/#breadcrumb\",\"itemListElement\":[{\"@type\":\"ListItem\",\"position\":1,\"name\":\"Home\",\"item\":\"https:\\\/\\\/immocap.sk\\\/en\\\/home\\\/\"},{\"@type\":\"ListItem\",\"position\":2,\"name\":\"Policy on the use of cookies on immocap.sk\"}]},{\"@type\":\"WebSite\",\"@id\":\"https:\\\/\\\/immocap.sk\\\/#website\",\"url\":\"https:\\\/\\\/immocap.sk\\\/\",\"name\":\"IMMOCAP | Odkr\u00fdvame potenci\u00e1l mesta\",\"description\":\"\",\"publisher\":{\"@id\":\"https:\\\/\\\/immocap.sk\\\/#organization\"},\"alternateName\":\"IMMOCAP\",\"potentialAction\":[{\"@type\":\"SearchAction\",\"target\":{\"@type\":\"EntryPoint\",\"urlTemplate\":\"https:\\\/\\\/immocap.sk\\\/?s={search_term_string}\"},\"query-input\":{\"@type\":\"PropertyValueSpecification\",\"valueRequired\":true,\"valueName\":\"search_term_string\"}}],\"inLanguage\":\"en-US\"},{\"@type\":\"Organization\",\"@id\":\"https:\\\/\\\/immocap.sk\\\/#organization\",\"name\":\"Immocap\",\"url\":\"https:\\\/\\\/immocap.sk\\\/\",\"logo\":{\"@type\":\"ImageObject\",\"inLanguage\":\"en-US\",\"@id\":\"https:\\\/\\\/immocap.sk\\\/#\\\/schema\\\/logo\\\/image\\\/\",\"url\":\"https:\\\/\\\/immocap.sk\\\/wp-content\\\/uploads\\\/2024\\\/12\\\/IMMOCAP_Primary-logo_Color.png\",\"contentUrl\":\"https:\\\/\\\/immocap.sk\\\/wp-content\\\/uploads\\\/2024\\\/12\\\/IMMOCAP_Primary-logo_Color.png\",\"width\":2380,\"height\":477,\"caption\":\"Immocap\"},\"image\":{\"@id\":\"https:\\\/\\\/immocap.sk\\\/#\\\/schema\\\/logo\\\/image\\\/\"}}]}<\/script>\n<!-- \/ Yoast SEO plugin. -->","yoast_head_json":{"title":"Policy on the use of cookies on immocap.sk - IMMOCAP | Odkr\u00fdvame potenci\u00e1l mesta","description":"Sme slovensk\u00fd developer. U\u017e viac ako 30 rokov vytv\u00e1rame priestor na pr\u00e1cu, b\u00fdvanie aj tr\u00e1venie vo\u013en\u00e9ho \u010dasu, a tak zvy\u0161ujeme kvalitu \u017eivota v meste. Spoznajte n\u00e1s lep\u0161ie v\u010faka n\u00e1\u0161mu Immocap co.re pr\u00edstupu.","robots":{"index":"index","follow":"follow","max-snippet":"max-snippet:-1","max-image-preview":"max-image-preview:large","max-video-preview":"max-video-preview:-1"},"canonical":"https:\/\/immocap.sk\/en\/policy-on-the-use-of-cookies-on-immocap-sk\/","og_locale":"en_US","og_type":"article","og_title":"Policy on the use of cookies on immocap.sk - IMMOCAP | Odkr\u00fdvame potenci\u00e1l mesta","og_description":"Sme slovensk\u00fd developer. U\u017e viac ako 30 rokov vytv\u00e1rame priestor na pr\u00e1cu, b\u00fdvanie aj tr\u00e1venie vo\u013en\u00e9ho \u010dasu, a tak zvy\u0161ujeme kvalitu \u017eivota v meste. Spoznajte n\u00e1s lep\u0161ie v\u010faka n\u00e1\u0161mu Immocap co.re pr\u00edstupu.","og_url":"https:\/\/immocap.sk\/en\/policy-on-the-use-of-cookies-on-immocap-sk\/","og_site_name":"IMMOCAP | Odkr\u00fdvame potenci\u00e1l mesta","article_modified_time":"2025-02-28T16:47:33+00:00","og_image":[{"width":2560,"height":1440,"url":"https:\/\/immocap.sk\/wp-content\/uploads\/2024\/12\/IMMOCAP_Webstranka_Thumbnail-scaled.jpg","type":"image\/jpeg"}],"twitter_card":"summary_large_image","schema":{"@context":"https:\/\/schema.org","@graph":[{"@type":"WebPage","@id":"https:\/\/immocap.sk\/en\/policy-on-the-use-of-cookies-on-immocap-sk\/","url":"https:\/\/immocap.sk\/en\/policy-on-the-use-of-cookies-on-immocap-sk\/","name":"Policy on the use of cookies on immocap.sk - IMMOCAP | Odkr\u00fdvame potenci\u00e1l mesta","isPartOf":{"@id":"https:\/\/immocap.sk\/#website"},"datePublished":"2025-02-28T16:47:32+00:00","dateModified":"2025-02-28T16:47:33+00:00","description":"Sme slovensk\u00fd developer. U\u017e viac ako 30 rokov vytv\u00e1rame priestor na pr\u00e1cu, b\u00fdvanie aj tr\u00e1venie vo\u013en\u00e9ho \u010dasu, a tak zvy\u0161ujeme kvalitu \u017eivota v meste. Spoznajte n\u00e1s lep\u0161ie v\u010faka n\u00e1\u0161mu Immocap co.re pr\u00edstupu.","breadcrumb":{"@id":"https:\/\/immocap.sk\/en\/policy-on-the-use-of-cookies-on-immocap-sk\/#breadcrumb"},"inLanguage":"en-US","potentialAction":[{"@type":"ReadAction","target":["https:\/\/immocap.sk\/en\/policy-on-the-use-of-cookies-on-immocap-sk\/"]}]},{"@type":"BreadcrumbList","@id":"https:\/\/immocap.sk\/en\/policy-on-the-use-of-cookies-on-immocap-sk\/#breadcrumb","itemListElement":[{"@type":"ListItem","position":1,"name":"Home","item":"https:\/\/immocap.sk\/en\/home\/"},{"@type":"ListItem","position":2,"name":"Policy on the use of cookies on immocap.sk"}]},{"@type":"WebSite","@id":"https:\/\/immocap.sk\/#website","url":"https:\/\/immocap.sk\/","name":"IMMOCAP | Odkr\u00fdvame potenci\u00e1l mesta","description":"","publisher":{"@id":"https:\/\/immocap.sk\/#organization"},"alternateName":"IMMOCAP","potentialAction":[{"@type":"SearchAction","target":{"@type":"EntryPoint","urlTemplate":"https:\/\/immocap.sk\/?s={search_term_string}"},"query-input":{"@type":"PropertyValueSpecification","valueRequired":true,"valueName":"search_term_string"}}],"inLanguage":"en-US"},{"@type":"Organization","@id":"https:\/\/immocap.sk\/#organization","name":"Immocap","url":"https:\/\/immocap.sk\/","logo":{"@type":"ImageObject","inLanguage":"en-US","@id":"https:\/\/immocap.sk\/#\/schema\/logo\/image\/","url":"https:\/\/immocap.sk\/wp-content\/uploads\/2024\/12\/IMMOCAP_Primary-logo_Color.png","contentUrl":"https:\/\/immocap.sk\/wp-content\/uploads\/2024\/12\/IMMOCAP_Primary-logo_Color.png","width":2380,"height":477,"caption":"Immocap"},"image":{"@id":"https:\/\/immocap.sk\/#\/schema\/logo\/image\/"}}]}},"_links":{"self":[{"href":"https:\/\/immocap.sk\/en\/wp-json\/wp\/v2\/pages\/10743","targetHints":{"allow":["GET"]}}],"collection":[{"href":"https:\/\/immocap.sk\/en\/wp-json\/wp\/v2\/pages"}],"about":[{"href":"https:\/\/immocap.sk\/en\/wp-json\/wp\/v2\/types\/page"}],"author":[{"embeddable":true,"href":"https:\/\/immocap.sk\/en\/wp-json\/wp\/v2\/users\/1"}],"replies":[{"embeddable":true,"href":"https:\/\/immocap.sk\/en\/wp-json\/wp\/v2\/comments?post=10743"}],"version-history":[{"count":1,"href":"https:\/\/immocap.sk\/en\/wp-json\/wp\/v2\/pages\/10743\/revisions"}],"predecessor-version":[{"id":10744,"href":"https:\/\/immocap.sk\/en\/wp-json\/wp\/v2\/pages\/10743\/revisions\/10744"}],"wp:attachment":[{"href":"https:\/\/immocap.sk\/en\/wp-json\/wp\/v2\/media?parent=10743"}],"curies":[{"name":"wp","href":"https:\/\/api.w.org\/{rel}","templated":true}]}}